{"id":13622,"date":"2023-06-29T08:33:12","date_gmt":"2023-06-29T08:33:12","guid":{"rendered":"https:\/\/nomondesign.com\/contacto\/"},"modified":"2025-04-23T13:43:57","modified_gmt":"2025-04-23T13:43:57","slug":"contact","status":"publish","type":"page","link":"https:\/\/nomondesign.com\/en\/contact\/","title":{"rendered":"Contact"},"content":{"rendered":"","protected":false},"excerpt":{"rendered":"","protected":false},"author":1,"featured_media":4891,"parent":0,"menu_order":15,"comment_status":"closed","ping_status":"closed","template":"","meta":{"_acf_changed":false,"footnotes":""},"class_list":["post-13622","page","type-page","status-publish","has-post-thumbnail","hentry"],"acf":[],"yoast_head":"<!-- This site is optimized with the Yoast SEO plugin v27.3 - https:\/\/yoast.com\/product\/yoast-seo-wordpress\/ -->\n<title>Contact I Branding &amp; Graphic Design Agency I NOMON DESIGN<\/title>\n<meta name=\"description\" content=\"Write to us at info@nomondesign.com. We help businesses grow through design, fostering trustworthy and impactful brands in a responsible manner.\" \/>\n<meta name=\"robots\" content=\"index, follow, max-snippet:-1, max-image-preview:large, max-video-preview:-1\" \/>\n<link rel=\"canonical\" href=\"https:\/\/nomondesign.com\/en\/contact\/\" \/>\n<meta property=\"og:locale\" content=\"en_US\" \/>\n<meta property=\"og:type\" content=\"article\" \/>\n<meta property=\"og:title\" content=\"Contact I Branding &amp; Graphic Design Agency I NOMON DESIGN\" \/>\n<meta property=\"og:description\" content=\"Write to us at info@nomondesign.com. We help businesses grow through design, fostering trustworthy and impactful brands in a responsible manner.\" \/>\n<meta property=\"og:url\" content=\"https:\/\/nomondesign.com\/en\/contact\/\" \/>\n<meta property=\"og:site_name\" content=\"NOMON DESIGN\" \/>\n<meta property=\"article:publisher\" content=\"https:\/\/www.facebook.com\/NOMONDESIGN\" \/>\n<meta property=\"article:modified_time\" content=\"2025-04-23T13:43:57+00:00\" \/>\n<meta property=\"og:image\" content=\"https:\/\/nomondesign.com\/wp-content\/uploads\/2019\/04\/ND-Share-IMG_Contacto.jpg\" \/>\n\t<meta property=\"og:image:width\" content=\"1200\" \/>\n\t<meta property=\"og:image:height\" content=\"630\" \/>\n\t<meta property=\"og:image:type\" content=\"image\/jpeg\" \/>\n<meta name=\"twitter:card\" content=\"summary_large_image\" \/>\n<meta name=\"twitter:site\" content=\"@nomondesign\" \/>\n<meta name=\"twitter:label1\" content=\"Est. reading time\" \/>\n\t<meta name=\"twitter:data1\" content=\"1 minute\" \/>\n<script type=\"application\/ld+json\" class=\"yoast-schema-graph\">{\"@context\":\"https:\\\/\\\/schema.org\",\"@graph\":[{\"@type\":\"WebPage\",\"@id\":\"https:\\\/\\\/nomondesign.com\\\/en\\\/contact\\\/\",\"url\":\"https:\\\/\\\/nomondesign.com\\\/en\\\/contact\\\/\",\"name\":\"Contact I Branding & Graphic Design Agency I NOMON DESIGN\",\"isPartOf\":{\"@id\":\"https:\\\/\\\/nomondesign.com\\\/#website\"},\"primaryImageOfPage\":{\"@id\":\"https:\\\/\\\/nomondesign.com\\\/en\\\/contact\\\/#primaryimage\"},\"image\":{\"@id\":\"https:\\\/\\\/nomondesign.com\\\/en\\\/contact\\\/#primaryimage\"},\"thumbnailUrl\":\"https:\\\/\\\/nomondesign.com\\\/wp-content\\\/uploads\\\/2019\\\/04\\\/ND-Share-IMG_Contacto.jpg\",\"datePublished\":\"2023-06-29T08:33:12+00:00\",\"dateModified\":\"2025-04-23T13:43:57+00:00\",\"description\":\"Write to us at info@nomondesign.com. We help businesses grow through design, fostering trustworthy and impactful brands in a responsible manner.\",\"breadcrumb\":{\"@id\":\"https:\\\/\\\/nomondesign.com\\\/en\\\/contact\\\/#breadcrumb\"},\"inLanguage\":\"en-US\",\"potentialAction\":[{\"@type\":\"ReadAction\",\"target\":[\"https:\\\/\\\/nomondesign.com\\\/en\\\/contact\\\/\"]}]},{\"@type\":\"ImageObject\",\"inLanguage\":\"en-US\",\"@id\":\"https:\\\/\\\/nomondesign.com\\\/en\\\/contact\\\/#primaryimage\",\"url\":\"https:\\\/\\\/nomondesign.com\\\/wp-content\\\/uploads\\\/2019\\\/04\\\/ND-Share-IMG_Contacto.jpg\",\"contentUrl\":\"https:\\\/\\\/nomondesign.com\\\/wp-content\\\/uploads\\\/2019\\\/04\\\/ND-Share-IMG_Contacto.jpg\",\"width\":1200,\"height\":630,\"caption\":\"Somos una agencia de branding en Barcelona que acompa\u00f1a a las empresas a crecer a trav\u00e9s del dise\u00f1o.\"},{\"@type\":\"BreadcrumbList\",\"@id\":\"https:\\\/\\\/nomondesign.com\\\/en\\\/contact\\\/#breadcrumb\",\"itemListElement\":[{\"@type\":\"ListItem\",\"position\":1,\"name\":\"Home\",\"item\":\"https:\\\/\\\/nomondesign.com\\\/en\\\/\"},{\"@type\":\"ListItem\",\"position\":2,\"name\":\"Contact\"}]},{\"@type\":\"WebSite\",\"@id\":\"https:\\\/\\\/nomondesign.com\\\/#website\",\"url\":\"https:\\\/\\\/nomondesign.com\\\/\",\"name\":\"NOMON DESIGN\",\"description\":\"Branding, design &amp; packaging Agency in Barcelona\",\"publisher\":{\"@id\":\"https:\\\/\\\/nomondesign.com\\\/#organization\"},\"potentialAction\":[{\"@type\":\"SearchAction\",\"target\":{\"@type\":\"EntryPoint\",\"urlTemplate\":\"https:\\\/\\\/nomondesign.com\\\/?s={search_term_string}\"},\"query-input\":{\"@type\":\"PropertyValueSpecification\",\"valueRequired\":true,\"valueName\":\"search_term_string\"}}],\"inLanguage\":\"en-US\"},{\"@type\":\"Organization\",\"@id\":\"https:\\\/\\\/nomondesign.com\\\/#organization\",\"name\":\"Nomon Design\",\"url\":\"https:\\\/\\\/nomondesign.com\\\/\",\"logo\":{\"@type\":\"ImageObject\",\"inLanguage\":\"en-US\",\"@id\":\"https:\\\/\\\/nomondesign.com\\\/#\\\/schema\\\/logo\\\/image\\\/\",\"url\":\"https:\\\/\\\/nomondesign.com\\\/wp-content\\\/uploads\\\/2019\\\/11\\\/nomondesing_branding.jpg\",\"contentUrl\":\"https:\\\/\\\/nomondesign.com\\\/wp-content\\\/uploads\\\/2019\\\/11\\\/nomondesing_branding.jpg\",\"width\":1084,\"height\":1084,\"caption\":\"Nomon Design\"},\"image\":{\"@id\":\"https:\\\/\\\/nomondesign.com\\\/#\\\/schema\\\/logo\\\/image\\\/\"},\"sameAs\":[\"https:\\\/\\\/www.facebook.com\\\/NOMONDESIGN\",\"https:\\\/\\\/x.com\\\/nomondesign\",\"https:\\\/\\\/www.instagram.com\\\/nomondesign\\\/\",\"https:\\\/\\\/www.linkedin.com\\\/company\\\/nomon-design\\\/\",\"https:\\\/\\\/www.pinterest.es\\\/nomondesign\\\/\"]}]}<\/script>\n<!-- \/ Yoast SEO plugin. -->","yoast_head_json":{"title":"Contact I Branding & Graphic Design Agency I NOMON DESIGN","description":"Write to us at info@nomondesign.com. We help businesses grow through design, fostering trustworthy and impactful brands in a responsible manner.","robots":{"index":"index","follow":"follow","max-snippet":"max-snippet:-1","max-image-preview":"max-image-preview:large","max-video-preview":"max-video-preview:-1"},"canonical":"https:\/\/nomondesign.com\/en\/contact\/","og_locale":"en_US","og_type":"article","og_title":"Contact I Branding & Graphic Design Agency I NOMON DESIGN","og_description":"Write to us at info@nomondesign.com. We help businesses grow through design, fostering trustworthy and impactful brands in a responsible manner.","og_url":"https:\/\/nomondesign.com\/en\/contact\/","og_site_name":"NOMON DESIGN","article_publisher":"https:\/\/www.facebook.com\/NOMONDESIGN","article_modified_time":"2025-04-23T13:43:57+00:00","og_image":[{"width":1200,"height":630,"url":"https:\/\/nomondesign.com\/wp-content\/uploads\/2019\/04\/ND-Share-IMG_Contacto.jpg","type":"image\/jpeg"}],"twitter_card":"summary_large_image","twitter_site":"@nomondesign","twitter_misc":{"Est. reading time":"1 minute"},"schema":{"@context":"https:\/\/schema.org","@graph":[{"@type":"WebPage","@id":"https:\/\/nomondesign.com\/en\/contact\/","url":"https:\/\/nomondesign.com\/en\/contact\/","name":"Contact I Branding & Graphic Design Agency I NOMON DESIGN","isPartOf":{"@id":"https:\/\/nomondesign.com\/#website"},"primaryImageOfPage":{"@id":"https:\/\/nomondesign.com\/en\/contact\/#primaryimage"},"image":{"@id":"https:\/\/nomondesign.com\/en\/contact\/#primaryimage"},"thumbnailUrl":"https:\/\/nomondesign.com\/wp-content\/uploads\/2019\/04\/ND-Share-IMG_Contacto.jpg","datePublished":"2023-06-29T08:33:12+00:00","dateModified":"2025-04-23T13:43:57+00:00","description":"Write to us at info@nomondesign.com. We help businesses grow through design, fostering trustworthy and impactful brands in a responsible manner.","breadcrumb":{"@id":"https:\/\/nomondesign.com\/en\/contact\/#breadcrumb"},"inLanguage":"en-US","potentialAction":[{"@type":"ReadAction","target":["https:\/\/nomondesign.com\/en\/contact\/"]}]},{"@type":"ImageObject","inLanguage":"en-US","@id":"https:\/\/nomondesign.com\/en\/contact\/#primaryimage","url":"https:\/\/nomondesign.com\/wp-content\/uploads\/2019\/04\/ND-Share-IMG_Contacto.jpg","contentUrl":"https:\/\/nomondesign.com\/wp-content\/uploads\/2019\/04\/ND-Share-IMG_Contacto.jpg","width":1200,"height":630,"caption":"Somos una agencia de branding en Barcelona que acompa\u00f1a a las empresas a crecer a trav\u00e9s del dise\u00f1o."},{"@type":"BreadcrumbList","@id":"https:\/\/nomondesign.com\/en\/contact\/#breadcrumb","itemListElement":[{"@type":"ListItem","position":1,"name":"Home","item":"https:\/\/nomondesign.com\/en\/"},{"@type":"ListItem","position":2,"name":"Contact"}]},{"@type":"WebSite","@id":"https:\/\/nomondesign.com\/#website","url":"https:\/\/nomondesign.com\/","name":"NOMON DESIGN","description":"Branding, design &amp; packaging Agency in Barcelona","publisher":{"@id":"https:\/\/nomondesign.com\/#organization"},"potentialAction":[{"@type":"SearchAction","target":{"@type":"EntryPoint","urlTemplate":"https:\/\/nomondesign.com\/?s={search_term_string}"},"query-input":{"@type":"PropertyValueSpecification","valueRequired":true,"valueName":"search_term_string"}}],"inLanguage":"en-US"},{"@type":"Organization","@id":"https:\/\/nomondesign.com\/#organization","name":"Nomon Design","url":"https:\/\/nomondesign.com\/","logo":{"@type":"ImageObject","inLanguage":"en-US","@id":"https:\/\/nomondesign.com\/#\/schema\/logo\/image\/","url":"https:\/\/nomondesign.com\/wp-content\/uploads\/2019\/11\/nomondesing_branding.jpg","contentUrl":"https:\/\/nomondesign.com\/wp-content\/uploads\/2019\/11\/nomondesing_branding.jpg","width":1084,"height":1084,"caption":"Nomon Design"},"image":{"@id":"https:\/\/nomondesign.com\/#\/schema\/logo\/image\/"},"sameAs":["https:\/\/www.facebook.com\/NOMONDESIGN","https:\/\/x.com\/nomondesign","https:\/\/www.instagram.com\/nomondesign\/","https:\/\/www.linkedin.com\/company\/nomon-design\/","https:\/\/www.pinterest.es\/nomondesign\/"]}]}},"_links":{"self":[{"href":"https:\/\/nomondesign.com\/en\/wp-json\/wp\/v2\/pages\/13622","targetHints":{"allow":["GET"]}}],"collection":[{"href":"https:\/\/nomondesign.com\/en\/wp-json\/wp\/v2\/pages"}],"about":[{"href":"https:\/\/nomondesign.com\/en\/wp-json\/wp\/v2\/types\/page"}],"author":[{"embeddable":true,"href":"https:\/\/nomondesign.com\/en\/wp-json\/wp\/v2\/users\/1"}],"replies":[{"embeddable":true,"href":"https:\/\/nomondesign.com\/en\/wp-json\/wp\/v2\/comments?post=13622"}],"version-history":[{"count":12,"href":"https:\/\/nomondesign.com\/en\/wp-json\/wp\/v2\/pages\/13622\/revisions"}],"predecessor-version":[{"id":15670,"href":"https:\/\/nomondesign.com\/en\/wp-json\/wp\/v2\/pages\/13622\/revisions\/15670"}],"wp:featuredmedia":[{"embeddable":true,"href":"https:\/\/nomondesign.com\/en\/wp-json\/wp\/v2\/media\/4891"}],"wp:attachment":[{"href":"https:\/\/nomondesign.com\/en\/wp-json\/wp\/v2\/media?parent=13622"}],"curies":[{"name":"wp","href":"https:\/\/api.w.org\/{rel}","templated":true}]}}